{"id":2521,"date":"2017-05-20T16:00:26","date_gmt":"2017-05-20T14:00:26","guid":{"rendered":"http:\/\/www.reunion68.com\/?page_id=2521"},"modified":"2017-06-22T06:46:50","modified_gmt":"2017-06-22T04:46:50","slug":"50-lat-temu-wygnano-z-polski-zydow-wokol-marca68","status":"publish","type":"page","link":"https:\/\/www.reunion68.com\/?page_id=2521","title":{"rendered":"50 lat temu wygnano z Polski \u017byd\u00f3w. Wok\u00f3\u0142 marca\u201968"},"content":{"rendered":"<table style=\"border-collapse: collapse;\" border=\"0\" width=\"100%\" cellspacing=\"0\" cellpadding=\"0\">\n<tbody>\n<tr>\n<td width=\"150\"><a href=\"http:\/\/www.polin.pl\/\" target=\"_blank\" rel=\"noopener noreferrer\"><img decoding=\"async\" loading=\"lazy\" class=\"center alignleft\" src=\"http:\/\/www.reunion68.com\/Biuletyn\/img\/MHZP.png\" alt=\"Polin\" width=\"130\" height=\"78\" \/><\/a><\/td>\n<td style=\"text-align: center; valign: middle;\" width=\"360\"><span style=\"text-decoration: underline;\"><span style=\"color: #000080;\"><strong><a style=\"color: #000080; text-decoration: underline;\" href=\"http:\/\/www.reunion68.com\/?page_id=2521\/\" target=\"_blank\" rel=\"noopener noreferrer\">Obcy w domu.<br \/>\nWok\u00f3\u0142 marca \u201968<\/a><\/strong><\/span><\/span><\/td>\n<td width=\"200\"><img decoding=\"async\" loading=\"lazy\" class=\"center alignright\" src=\"http:\/\/www.reunion68.com\/Biuletyn\/img\/reunion68.png\" alt=\"\" width=\"185\" height=\"63\" \/><\/td>\n<\/tr>\n<\/tbody>\n<\/table>\n<hr style=\"height: 15px; background: #d0e6fa; width: 710px;\" \/>\n<p><img decoding=\"async\" class=\"center alignleft\" src=\"http:\/\/www.reunion68.com\/Biuletyn\/img\/50-lat\/marzec_konferencja.png\" alt=\"\" width=\"100%\" \/><\/p>\n<p><img decoding=\"async\" class=\"center aligncenter\" src=\"http:\/\/www.reunion68.com\/Biuletyn\/img\/50-lat\/Prosba-1.png\" alt=\"\" width=\"100%\" \/><br \/>\n<img decoding=\"async\" class=\"center aligncenter\" src=\"http:\/\/www.reunion68.com\/Biuletyn\/img\/50-lat\/Prosba-2.png\" alt=\"\" width=\"50%\" \/><\/p>\n<p><img decoding=\"async\" class=\"center aligncenter\" src=\"http:\/\/www.reunion68.com\/Biuletyn\/img\/break.png\" alt=\"\" \/><\/p>\n<p style=\"text-align: left;\"><span style=\"color: #000000;\"><strong>W roku 2018 przypada 50. rocznica wydarze\u0144 Marca \u201968. Muzeum Historii \u017byd\u00f3w Polskich POLIN planuje opowiedzie\u0107 o Marcu \u201968 i jego nast\u0119pstwach poprzez narracyjno-historyczn\u0105 wystaw\u0119, przywracaj\u0105c pami\u0119\u0107 o przyczynach i skutkach antysemickiej kampanii. Wystawa zostanie otwarta 8 marca 2018 roku.<br \/>\n<\/strong><\/span><br \/>\n<span style=\"color: #000080;\">Zagadnienie Marca \u201868 b\u0119dzie t\u0142em do prezentacji nieznanych historii i los\u00f3w polskich \u017byd\u00f3w po opuszczeniu Polski, a tak\u017ce punktem wyj\u015bcia do Pa\u0144stwa udzia\u0142u w naszym przedsi\u0119wzi\u0119ciu.<\/span><\/p>\n<p><span style=\"color: #000080;\">Rozpoczynamy spo\u0142eczn\u0105 akcj\u0119 zbierania pami\u0105tek historycznych i opowie\u015bci \u015bwiadk\u00f3w tamtych wydarze\u0144.<\/span><br \/>\n<span style=\"color: #000080;\"> Zach\u0119camy do podzielenia si\u0119 z nami przedmiotami oraz opowie\u015bciami zwi\u0105zanymi bezpo\u015brednio z nimi. Szczeg\u00f3lne znaczenie maj\u0105 dla nas przedmioty zwi\u0105zane bezpo\u015brednio z wydarzeniami marcowymi, takie jak listy, fotografie, pami\u0119tniki, dokumenty zwi\u0105zane z wyjazdem, utrat\u0105 pracy, emigracj\u0105, przedmioty codziennego u\u017cytku zabrane w drog\u0119 lub zostawione przyjacio\u0142om w Polsce.<\/span><\/p>\n<p><span style=\"color: #000080;\">Podarowane muzeum pami\u0105tki stan\u0105 si\u0119 wa\u017cnym elementem planowanej wystawy, buduj\u0105c cz\u0119\u015b\u0107 instalacji zatytu\u0142owanej \u201eArchiwum Marca\u201d. Aby powsta\u0142o, jedna ze \u015bcian g\u00f3rnej sali wystaw czasowych naszego Muzeum zamieni si\u0119 w ogromn\u0105 gablot\u0119, do kt\u00f3rej zwiedzaj\u0105cy b\u0119d\u0105 mogli na bie\u017c\u0105co dok\u0142ada\u0107 obiekty oryginalne zwi\u0105zane z wydarzeniami Marca \u201968. Cz\u0119\u015b\u0107 z nich chcemy zebra\u0107 jeszcze przed wystaw\u0105, cz\u0119\u015b\u0107 uzupe\u0142ni gablot\u0119 ju\u017c w trakcie trwania ekspozycji. W ten spos\u00f3b stworzymy swoisty epilog wystawy, miejsce na refleksj\u0119 nad r\u00f3\u017cnymi aspektami do\u015bwiadczenia Marca, nad emocjami, kt\u00f3re si\u0119 z nim wi\u0105\u017c\u0105. Narracja historyczna, kt\u00f3ra doprowadzi widza do \u201eArchiwum Marca\u201d dotyczy\u0107 b\u0119dzie przyczyn i przebiegu kampanii antysemickiej i samego procesu wyjazd\u00f3w. Opowiemy r\u00f3wnie\u017c o nowym \u017cyciu poza Polsk\u0105 tych, kt\u00f3rzy wyjechali, jak i o tych, kt\u00f3rzy podj\u0119li trudn\u0105 decyzj\u0119 o pozostaniu w Polsce.<\/span><\/p>\n<p><span style=\"color: #000080;\">Podarowane przez Pa\u0144stwa przedmioty b\u0119d\u0105 mog\u0142y wej\u015b\u0107 w sk\u0142ad kolekcji Muzeum Historii \u017byd\u00f3w Polskich. Przyj\u0119te jako dary, zostan\u0105 nale\u017cycie zabezpieczone w warunkach pozwalaj\u0105cych na zachowanie ich dla przysz\u0142ych pokole\u0144, ale jednocze\u015bnie udost\u0119pnienie ich dla badaczy, w internetowej Centralnej Bazie Judaik\u00f3w czy na kolejnych wystawach.<\/span><\/p>\n<p><span style=\"color: #000080;\">Wierzymy, \u017ce w przestrzeniach wystawienniczych Pa\u0144stwa historie i zwyk\u0142e przedmioty, niegdy\u015b pami\u0105tki osobiste, stan\u0105 si\u0119 dzi\u015b muzealiami.<\/span><br \/>\n<span style=\"color: #000080;\"> Liczymy na Pa\u0144stwa odzew i ch\u0119\u0107 wsp\u00f3\u0142tworzenia partycypacyjnej wystawy w Muzeum Historii \u017byd\u00f3w Polskich.<\/span><\/p>\n<p><span style=\"color: #000080;\">Zach\u0119camy do kontaktu z pracownikami Dzia\u0142u Zbior\u00f3w odpowiedzialnymi za zbieranie pami\u0105tek, telefonicznie lub e-mailowo:<br \/>\n<strong>Aleksandra Prze\u017adziecka-Kuja\u0142owicz<\/strong> ( 22 37 93 715, <a href=\"mailto:aprzezdziecka@polin.pl\"><span style=\"text-decoration: underline;\"><span style=\"color: #000080; text-decoration: underline;\"><strong>aprzezdziecka@polin.p<\/strong><\/span><\/span>l<\/a>)<br \/>\ni<br \/>\n<strong>Przemys\u0142aw Kaniecki<\/strong> (22 47 10 326, <span style=\"text-decoration: underline;\"><strong><a style=\"color: #000080; text-decoration: underline;\" href=\"Mailto:pkaniecki@polin.pl\">pkaniecki@polin.pl<\/a><\/strong><\/span>)<br \/>\nlub z kuratorkami wystawy,<br \/>\n<strong>Natali\u0105 Romik<\/strong> i <strong>Justyn\u0105 Koszarsk\u0105-Szulc<\/strong> ( <span style=\"text-decoration: underline;\"><strong><a style=\"color: #000080; text-decoration: underline;\" href=\"mailto:jkoszarska@polin.pl\">jkoszarska@polin.pl<\/a><\/strong><\/span>, 22-379-37-18).<br \/>\n<\/span><\/p>\n<hr \/>\n<h5 style=\"text-align: left;\"><span style=\"color: #800000;\"><strong>Drodzy Reunczycy. Pracownicy Muzeum Polin otrzymuja informacjie i materially\u00a0od wielu osob. Aby moc oszacowac materialy, czy tez wyslac ewentualne podziekowania musza dokladnie wiedzic\u00a0&#8211; jak informacja o 50&#8217;tej rocznicy &#8220;marca&#8217;68&#8221; do Was <span style=\"color: #800000;\">trafila<\/span>. Niezapomnijcie wiec przy korespondencji, czy wizycie w Muzeum Polin zaznaczyc, ze jestescie czlonkami Reunion&#8217;68 !!!<\/strong><\/span><\/h5>\n<hr style=\"width: 710px;\" \/>\n<h5 style=\"text-align: center;\"><a href=\"http:\/\/www.polin.pl\/\" target=\"_blank\" rel=\"noopener noreferrer\"><img decoding=\"async\" class=\"center alignleft\" src=\"http:\/\/www.reunion68.com\/Biuletyn\/img\/MHZP.png\" alt=\"\" width=\"20%\" \/><\/a><span style=\"text-decoration: underline; color: #000080;\"><strong><a style=\"color: #000080; text-decoration: underline;\" href=\"http:\/\/www.polin.pl\/pl\/wydarzenie\/seminarium-uchodzcy-i-migranci-w-przestrzeni-miasta\" target=\"_blank\" rel=\"noopener noreferrer\">Seminarium &#8220;Uchod\u017acy i migranci w przestrzeni miasta&#8221;<\/a><\/strong><\/span><\/h5>\n<p style=\"text-align: center;\"><span style=\"color: #000000;\"><strong>Polin<\/strong><\/span><\/p>\n<p><img decoding=\"async\" class=\"aligncenter\" src=\"http:\/\/www.polin.pl\/sites\/default\/files\/styles\/isocell_8_2\/public\/pictures\/seminarium-uchodzcy.jpg?itok=6Hg5lzfg\" width=\"100%\" \/><\/p>\n<p style=\"text-align: left;\"><span style=\"color: #000000;\"><strong>Muzeum POLIN i Fundacja Ocalenie zapraszaj\u0105 na seminarium &#8220;Uchod\u017acy i migranci w przestrzeni miasta&#8221;, towarzysz\u0105ce obchodom \u015awiatowego Dnia Uchod\u017acy przypadaj\u0105cym na 20 czerwca.<\/strong><\/span><\/p>\n<p style=\"text-align: left;\"><span style=\"color: #000080;\"><em>23 czerwca (pi\u0105tek), godz. 13.00-20.00, wst\u0119p wolny, <a href=\"https:\/\/uchodzcyimigranci.konfeo.com\/pl\/groups\" target=\"_blank\" rel=\"noopener\"><span style=\"text-decoration: underline;\"><strong>WYPE\u0141NIJ FORMULARZ ZG\u0141OSZENIOWY<\/strong><\/span> &gt;&gt;<\/a><\/em><\/span><\/p>\n<p style=\"text-align: left;\"><span style=\"color: #000080;\">W jaki spos\u00f3b m\u00f3wi\u0107 o uchod\u017acach i migrantach? Jak uwzgl\u0119dnia\u0107 ich g\u0142os? Jak mo\u017cna sensownie w\u0142\u0105cza\u0107 ich w dzia\u0142ania edukacyjne i kulturalne, a jakich b\u0142\u0119d\u00f3w unika\u0107? Kt\u00f3re dzia\u0142ania mo\u017cna uzna\u0107 za dobre przyk\u0142ady? Jak wygl\u0105da Warszawa z perspektywy mieszkaj\u0105cych tu uchod\u017ac\u00f3w?<\/span><\/p>\n<p style=\"text-align: left;\"><span style=\"color: #000080;\">Seminarium b\u0119dzie okazj\u0105 do poruszenia tych pyta\u0144 i wsp\u00f3lnego zastanowienia si\u0119 jak planowa\u0107 dzia\u0142ania mi\u0119dzykulturowe w przysz\u0142o\u015bci. Chcemy stworzy\u0107 platform\u0119 do spotkania, dyskusji i wymiany pomys\u0142\u00f3w. Poznamy ciekawe projekty realizowane w Gda\u0144sku i Warszawie \u2013 prezentacje eksperckie pozwol\u0105 spojrze\u0107 na te miasta z r\u00f3\u017cnych perspektyw. Sesja przygotowana przez osoby pracuj\u0105ce w Fundacji Ocalenie b\u0119dzie mie\u0107 charakter warsztatowy i b\u0119dzie po\u015bwi\u0119cona przede wszystkim om\u00f3wieniu zagadnienia w jaki spos\u00f3b sensownie w\u0142\u0105cza\u0107 migrant\u00f3w i uchod\u017ac\u00f3w.<\/span><\/p>\n<p style=\"text-align: left;\"><span style=\"color: #000080;\">Bardzo wa\u017cn\u0105 cz\u0119\u015bci\u0105 seminarium b\u0119dzie spacer przygotowany przez Jean-Philippa Masemo \u2013 uchod\u017ac\u0119 z Demokratycznej Republiki Konga, kt\u00f3ry mieszka w Warszawie.<\/span><\/p>\n<p><em><a href=\"http:\/\/www.polin.pl\/pl\/system\/files\/attachments\/seminarium_23czerwca2017program.pdf\" target=\"_blank\" rel=\"noopener\"><strong>PROGRAM SEMINARIUM DO POBRANIA<\/strong><\/a><\/em><\/p>\n<p><strong>ZAPISY<\/strong><\/p>\n<p style=\"text-align: left;\"><span style=\"color: #000080;\">Seminarium kierujemy przede wszystkim do os\u00f3b, kt\u00f3re pracuj\u0105 w domach kultury, bibliotekach, instytucjach kultury, organizacjach pozarz\u0105dowych i kt\u00f3re maj\u0105 niewielkie do\u015bwiadczenie pracy z migrantami. Udzia\u0142 w seminarium jest bezp\u0142atny, organizatorzy nie pokrywaj\u0105 koszt\u00f3w dojazdu i zakwaterowania w Warszawie.<\/span><\/p>\n<p style=\"text-align: left;\"><span style=\"color: #000080;\">Formularz zg\u0142oszeniowy <strong>do wype\u0142nienia <span style=\"color: #000080;\"><a href=\"https:\/\/uchodzcyimigranci.konfeo.com\/pl\/groups\" target=\"_blank\" rel=\"noopener\">T<span style=\"text-decoration: underline;\">UTAJ<\/span><\/a><\/span><\/strong><\/span><\/p>\n<p style=\"text-align: left;\"><span style=\"color: #000080;\"><strong>Na zg\u0142oszenia czekamy do 12 czerwca. Wyniki rekrutacji prze\u015blemy zainteresowanym osobom 14 czerwca.<\/strong><\/span><\/p>\n<p style=\"text-align: left;\"><span style=\"color: #000080;\">Z okazji \u015awiatowego Dnia Uchod\u017acy w dniach 24-25 czerwca Muzeum POLIN organizuje tak\u017ce dwudniowe warsztaty antydyskryminacyjne \u201eO uchod\u017acach\u201d. <a href=\"http:\/\/www.polin.pl\/pl\/wydarzenie\/o-uchodzcach-warsztaty-antydyskryminacyjne-dla-doroslych\">Wi\u0119cej informacji o warsztatach &gt;&gt;<\/a><\/span><\/p>\n<p style=\"text-align: left;\"><span style=\"color: #000080;\"><strong>UWAGA: osoby zg\u0142aszaj\u0105ce si\u0119 do udzia\u0142u w seminarium nie musz\u0105 wype\u0142nia\u0107 osobnego formularza zg\u0142oszeniowego na warsztaty.<\/strong><\/span><\/p>\n<p style=\"text-align: left;\"><span style=\"color: #000080;\"><strong>Partnerem wydarzenia jest Fundacja Ocalenie<\/strong><\/span><\/p>\n<p><strong><img decoding=\"async\" class=\"aligncenter\" src=\"http:\/\/www.polin.pl\/sites\/default\/files\/logo_book\/fundacja-ocalenie.jpg\" alt=\"Fundacja Ocalenie\" width=\"30%\" \/><\/strong><\/p>\n<p style=\"text-align: left;\"><span style=\"color: #000080;\"><strong>Wydarzenie realizowane w ramach projektu &#8220;\u017bydowskie dziedzictwo kulturowe. Polsko \u2013 norweskie dzia\u0142ania bilateralne w 2017 r.\u201d<br \/>\nWsparcie udzielone z funduszy norweskich i EOG przez Islandi\u0119, Liechtenstein i Norwegi\u0119 oraz z bud\u017cetu Pa\u0144stwa.<\/strong><\/span><\/p>\n<table border=\"0\" width=\"100%\" cellspacing=\"0\" cellpadding=\"0\">\n<tbody>\n<tr>\n<td width=\"20%\"><img decoding=\"async\" class=\"aligncenter\" src=\"http:\/\/www.polin.pl\/sites\/default\/files\/zdk_pl.jpg\" width=\"100%\" \/><\/td>\n<td width=\"80%\"><img decoding=\"async\" class=\"aligncenter\" src=\"http:\/\/www.polin.pl\/sites\/default\/files\/eeg.jpg\" width=\"100%\" \/><\/td>\n<\/tr>\n<\/tbody>\n<\/table>\n<hr style=\"background: #d0e6fa; width: 710px; height: 15px;\" \/>\n<div id=\"content\" class=\" content-alignment&lt;br \/&gt;&lt;br \/&gt; \">\n<div id=\"watch-description\" class=\"yt-uix-button-panel\">\n<div id=\"watch-description-text\">\n<p style=\"text-align: center;\"><span style=\"color: #808080;\"> twoje uwagi, linki, wlasne artykuly, lub wiadomosci przeslij do: <span style=\"color: #000080;\"><strong><span style=\"text-decoration: underline;\"><a style=\"color: #000080; text-decoration: underline;\" href=\"mailto:webmaster@reunion68.com\">webmaster@reunion68.com<\/a><\/span><\/strong><\/span><\/span><\/p>\n<\/div>\n<\/div>\n<\/div>\n<p>&nbsp;<\/p>\n<hr style=\"width: 710px;\" \/>\n","protected":false},"excerpt":{"rendered":"<p>Obcy w domu. Wok\u00f3\u0142 marca \u201968 W roku 2018 przypada 50. rocznica wydarze\u0144 Marca \u201968. Muzeum Historii \u017byd\u00f3w Polskich POLIN planuje opowiedzie\u0107 o Marcu \u201968 i jego nast\u0119pstwach poprzez narracyjno-historyczn\u0105 wystaw\u0119, przywracaj\u0105c pami\u0119\u0107 o przyczynach i skutkach antysemickiej kampanii. Wystawa zostanie otwarta 8 marca 2018 roku. Zagadnienie Marca \u201868 b\u0119dzie t\u0142em do prezentacji nieznanych historii [&hellip;]<\/p>\n","protected":false},"author":1,"featured_media":0,"parent":0,"menu_order":0,"comment_status":"closed","ping_status":"closed","template":"","meta":[],"_links":{"self":[{"href":"https:\/\/www.reunion68.com\/index.php?rest_route=\/wp\/v2\/pages\/2521"}],"collection":[{"href":"https:\/\/www.reunion68.com\/index.php?rest_route=\/wp\/v2\/pages"}],"about":[{"href":"https:\/\/www.reunion68.com\/index.php?rest_route=\/wp\/v2\/types\/page"}],"author":[{"embeddable":true,"href":"https:\/\/www.reunion68.com\/index.php?rest_route=\/wp\/v2\/users\/1"}],"replies":[{"embeddable":true,"href":"https:\/\/www.reunion68.com\/index.php?rest_route=%2Fwp%2Fv2%2Fcomments&post=2521"}],"version-history":[{"count":64,"href":"https:\/\/www.reunion68.com\/index.php?rest_route=\/wp\/v2\/pages\/2521\/revisions"}],"predecessor-version":[{"id":2612,"href":"https:\/\/www.reunion68.com\/index.php?rest_route=\/wp\/v2\/pages\/2521\/revisions\/2612"}],"wp:attachment":[{"href":"https:\/\/www.reunion68.com\/index.php?rest_route=%2Fwp%2Fv2%2Fmedia&parent=2521"}],"curies":[{"name":"wp","href":"https:\/\/api.w.org\/{rel}","templated":true}]}}