{"id":2290,"date":"2016-04-02T17:37:18","date_gmt":"2016-04-02T15:37:18","guid":{"rendered":"http:\/\/www.reunion68.com\/?page_id=2290"},"modified":"2025-05-20T08:11:36","modified_gmt":"2025-05-20T06:11:36","slug":"2290-2","status":"publish","type":"page","link":"https:\/\/www.reunion68.com\/?page_id=2290","title":{"rendered":"S\u0142owo \u017bydowskie 03-2016"},"content":{"rendered":"<h5 style=\"text-align: center;\"><a href=\"http:\/\/www.tskz.pl\/\" target=\"_blank\" rel=\"noopener noreferrer\"><img decoding=\"async\" class=\"center alignleft\" src=\"http:\/\/www.reunion68.com\/Biuletyn\/img\/slowo.png\" alt=\"\" width=\"50%\"><\/a><span style=\"text-decoration: underline; color: #000080;\"><strong><a style=\"color: #000080; text-decoration: underline;\" href=\"https:\/\/www.facebook.com\/TSKZwP\/\" target=\"_blank\" rel=\"noopener noreferrer\">S\u0142owo \u017bydowskie 03-2016<\/a><\/strong><\/span><\/h5>\n<p style=\"text-align: center;\"><span style=\"color: #000000;\"><strong>Towarzystwo Spo\u0142eczno-Kulturalne \u017byd\u00f3w w Polsce<\/strong><\/span><\/p>\n<hr style=\"height: 15px; background: #d0e6fa; width: 710px;\">\n<p style=\"text-align: right;\"><span style=\"color: #808080;\"><em>Marzec \u201968 &#8211; proj. Marcin Jedli\u0144ski<\/em><\/span><br \/>\n<a href=\"http:\/\/www.reunion68.com\/Biuletyn\/TSKZ\/slowo-03-2016.png\"><img decoding=\"async\" class=\"center alignright\" src=\"http:\/\/www.reunion68.com\/Biuletyn\/TSKZ\/slowo-03-2016.png\" alt=\"\" width=\"50%\"><\/a><\/p>\n<p style=\"padding-left: 30px;\"><span style=\"color: #000000;\"><strong>Przysz\u0142a wiosna, wko\u0142o same zmiany! <\/strong><\/span><\/p>\n<p style=\"padding-left: 60px;\"><span style=\"color: #000080;\">Zmieniamy si\u0119 i my ( a w\u0142a\u015bciwie S\u0142owo \u017bydowskie).<\/span><\/p>\n<p style=\"padding-left: 90px;\"><span style=\"color: #000080;\">Zach\u0119camy Was do si\u0119gni\u0119cia po zupe\u0142nie odmieniony numer S\u0142owa \u017bydowskiego. Nowa szata graficzna, nowa (zwi\u0119kszona) obj\u0119to\u015b\u0107, nowe tematy i&#8230;. nowy, uzupe\u0142niony sk\u0142ad redakcji. Jeste\u015bmy bardzo ciekawi waszych wra\u017ce\u0144 i opinii na temat najnowszego numeru S\u0142owa. Piszcie do nas na:<span style=\"text-decoration: underline;\"><strong> <a style=\"color: #000080; text-decoration: underline;\" href=\"mailto:slowo@tskz.pl\">slowo@tskz.pl<\/a><\/strong><\/span><\/span><\/p>\n<hr>\n<p style=\"text-align: left;\"><span style=\"color: #000080;\"><strong>C<\/strong>o bardziej wnikliwi Czytelnicy, zapewne ju\u017c w zesz\u0142ym miesi\u0105cu zauwa\u017cyli, \u017ce zesp\u00f3\u0142 \u201eS\u0142owa \u017bydowskiego\u201d wzmocni\u0142y dwie nowe osoby. El\u017cbieta Magenheim zast\u0105pi\u0142a na stanowisku sekretarza redakcji Edwarda Odonera. Uspakajamy: Edek ma si\u0119 dobrze i co i rusz wpada na herbat\u0119 i wafelki. Do\u0142\u0105czy\u0142 te\u017c do nas, znany czytelnikom naszego tytu\u0142u Chrystian Orzeszko, kt\u00f3ry rozsiad\u0142 si\u0119 na nowym stanowisku redaktora prowadz\u0105cego. Wystarczy\u0142o kilka tygodni, \u017ceby nasze nowe \u201enabytki\u201d wywr\u00f3ci\u0142y wszystko do g\u00f3ry nogami! Przekabacili naszego grafika Marcina Jedli\u0144skiego i&#8230; efekty ich pracy mo\u017cecie oceni\u0107 sami. A\u017c strach pomy\u015ble\u0107 co jeszcze knuj\u0105.<br \/>\n<\/span><br \/>\n<span style=\"color: #000080;\"> \u201eS\u0142owo \u017bydowskie\u201d nie mog\u0142o pomie\u015bci\u0107 ich rozpieraj\u0105cej energii i wyst\u0105pi\u0142o z \u0142am\u00f3w. W taki w\u0142a\u015bnie spos\u00f3b uro\u015bli\u015bmy ju\u017c o cztery strony, a to nie jest jeszcze ostatnie s\u0142owo. Dodali\u015bmy te\u017c w \u015brodku kilka kolor\u00f3w dla przyjemniejszej lektury i kompletnie zmienili\u015bmy szat\u0119 graficzn\u0105, co ju\u017c zapewne zauwa\u017cyli\u015bcie drodzy Czytelnicy. \u015alijcie listy i dawajcie nam zna\u0107 co si\u0119 Wam podoba, co chcieliby\u015bcie zmieni\u0107, o czym przeczyta\u0107. Sekretarz redakcji odgra\u017ca si\u0119, \u017ce korespondencj\u0119 niepochlebn\u0105 b\u0119dzie przepuszcza\u0107 przez specjalnie w tym celu zakupion\u0105 niszczark\u0119.<br \/>\n<\/span><br \/>\n<span style=\"color: #000080;\"> Tematem przewodnim marcowego numeru jest oczywi\u015bcie&#8230; Marzec \u201868. Polecamy felieton Micha\u0142a Sobelmana oraz rozmowy z Edkiem Odonerem i Gra\u017cyn\u0105 Pawlak \u2013 opisuj\u0105ce dwie r\u00f3\u017cne historie tego samego, z\u0142ego dla polskich \u017byd\u00f3w czasu. Na naszych \u0142amach zago\u015bci\u0142 znany i lubiany dziennikarz i poeta Ludwik Lewin, kt\u00f3ry star\u0142 si\u0119 z \u201e\u017bab\u0105 pod j\u0119zykiem\u201d \u2013 ksi\u0105\u017ck\u0105 o \u017cydowskiej medycynie ludowej. Z kolei Tomek J\u0119drczak zastanawia si\u0119 w swojej recenzji, jak ma si\u0119 Biblia do staro\u017cytnego Izraela. Dla poszukiwaczy mocniejszych wra\u017ce\u0144 Chrystian Orzeszko uda\u0142 si\u0119 w podr\u00f3\u017c w czasie do Ameryki Po\u0142udniowej XIX i pocz\u0105tk\u00f3w XX wieku, aby przeprowadzi\u0107 dziennikarskie \u015bledztwo w sprawie handlu \u017cywym towarem. Efekty dochodzenia mro\u017c\u0105 krew w \u017cy\u0142ach.<br \/>\n<\/span><br \/>\n<span style=\"color: #000080;\"> Drogi Czytelniku \u201eS\u0142owo \u017bydowskie\u201d, powtarzaj\u0105c za Julianem Tuwimem: \u201eTO TO w\u0142a\u015bnie pismo, na kt\u00f3re czeka\u0142e\u015b [&#8230;] TO czego szuka\u0142e\u015b dotychczas napr\u00f3\u017cno \u015br\u00f3d mn\u00f3stwa pism krajowych i zagranicznych\u201d. Ujmuj\u0105c to inaczej: s\u0142\u00f3w jest wiele, ale \u201eS\u0142owo \u017bydowskie\u201d tylko jedno!<\/span><\/p>\n<p style=\"text-align: left;\"><img decoding=\"async\" class=\"center alignright\" src=\"http:\/\/www.reunion68.com\/Biuletyn\/TSKZ\/podpis.png\" alt=\"\" width=\"20%\"><\/p>\n<hr style=\"height: 15px; background: #d0e6fa; width: 710px;\">\n<p style=\"text-align: center;\"><strong><span style=\"color: #000080;\">W numerze<\/span><\/strong><\/p>\n<p style=\"text-align: center;\"><strong><span style=\"color: #000080;\"><a style=\"color: #000080;\" href=\"http:\/\/www.reunion68.com\/Biuletyn\/TSKZ\/w-numerze-03-2016.pdf\" target=\"_blank\" rel=\"noopener noreferrer\"><img decoding=\"async\" src=\"http:\/\/www.reunion68.com\/Biuletyn\/img\/pdf-1.png\" alt=\"\"><br \/>\ndownload<\/a><\/span><\/strong><\/p>\n<object class=\"vanilla-pdf-embed\" data=\"http:\/\/www.reunion68.com\/Biuletyn\/TSKZ\/w-numerze-03-2016.pdf#page=1&view=FitH\" type=\"application\/pdf\" width=\"700px\" height=\"950em\">\n    <p><a href=\"http:\/\/www.reunion68.com\/Biuletyn\/TSKZ\/w-numerze-03-2016.pdf\">Download the PDF file .<\/a><\/p>\n<\/object>\n<hr style=\"height: 15px; background: #d0e6fa; width: 710px;\">\n<p><img decoding=\"async\" class=\"center aligncenter\" src=\"http:\/\/www.reunion68.com\/Biuletyn\/TSKZ\/redakcja.png\" alt=\"\" width=\"40%\"><\/p>\n<hr style=\"height: 15px; background: #d0e6fa; width: 710px;\">\n<div id=\"content\" class=\" content-alignment\">\n<div id=\"watch-description\" class=\"yt-uix-button-panel\">\n<div id=\"watch-description-text\">\n<p style=\"text-align: center;\"><span style=\"color: #808080;\"> twoje uwagi, linki, wlasne artykuly, lub wiadomosci przeslij do: <span style=\"color: #000080;\"><strong><span style=\"text-decoration: underline;\"><a style=\"color: #000080; text-decoration: underline;\" href=\"mailto:webmaster@reunion68.com\">webmaster@reunion68.com<\/a><\/span><\/strong><\/span><\/span><\/p>\n<\/div>\n<\/div>\n<\/div>\n<p>&nbsp;<\/p>\n<hr style=\"width: 710px;\">\n","protected":false},"excerpt":{"rendered":"<p>S\u0142owo \u017bydowskie 03-2016 Towarzystwo Spo\u0142eczno-Kulturalne \u017byd\u00f3w w Polsce Marzec \u201968 &#8211; proj. Marcin Jedli\u0144ski Przysz\u0142a wiosna, wko\u0142o same zmiany! Zmieniamy si\u0119 i my ( a w\u0142a\u015bciwie S\u0142owo \u017bydowskie). Zach\u0119camy Was do si\u0119gni\u0119cia po zupe\u0142nie odmieniony numer S\u0142owa \u017bydowskiego. Nowa szata graficzna, nowa (zwi\u0119kszona) obj\u0119to\u015b\u0107, nowe tematy i&#8230;. nowy, uzupe\u0142niony sk\u0142ad redakcji. Jeste\u015bmy bardzo ciekawi waszych [&hellip;]<\/p>\n","protected":false},"author":1,"featured_media":0,"parent":0,"menu_order":0,"comment_status":"closed","ping_status":"closed","template":"","meta":[],"_links":{"self":[{"href":"https:\/\/www.reunion68.com\/index.php?rest_route=\/wp\/v2\/pages\/2290"}],"collection":[{"href":"https:\/\/www.reunion68.com\/index.php?rest_route=\/wp\/v2\/pages"}],"about":[{"href":"https:\/\/www.reunion68.com\/index.php?rest_route=\/wp\/v2\/types\/page"}],"author":[{"embeddable":true,"href":"https:\/\/www.reunion68.com\/index.php?rest_route=\/wp\/v2\/users\/1"}],"replies":[{"embeddable":true,"href":"https:\/\/www.reunion68.com\/index.php?rest_route=%2Fwp%2Fv2%2Fcomments&post=2290"}],"version-history":[{"count":8,"href":"https:\/\/www.reunion68.com\/index.php?rest_route=\/wp\/v2\/pages\/2290\/revisions"}],"predecessor-version":[{"id":3044,"href":"https:\/\/www.reunion68.com\/index.php?rest_route=\/wp\/v2\/pages\/2290\/revisions\/3044"}],"wp:attachment":[{"href":"https:\/\/www.reunion68.com\/index.php?rest_route=%2Fwp%2Fv2%2Fmedia&parent=2290"}],"curies":[{"name":"wp","href":"https:\/\/api.w.org\/{rel}","templated":true}]}}