{"id":2157,"date":"2025-12-14T07:09:00","date_gmt":"2025-12-14T05:09:00","guid":{"rendered":"http:\/\/www.reunion68.com\/?page_id=2157"},"modified":"2025-12-12T09:39:11","modified_gmt":"2025-12-12T07:39:11","slug":"2157-2","status":"publish","type":"page","link":"https:\/\/www.reunion68.com\/?page_id=2157","title":{"rendered":"Chag Chanukah Sameach"},"content":{"rendered":"<h5 style=\"text-align: center;\"><a href=\"*******\" target=\"_blank\" rel=\"noopener noreferrer\"><img decoding=\"async\" class=\"size-medium wp-image-20 aligncenter\" src=\"http:\/\/www.reunion68.com\/wp-content\/uploads\/2016\/04\/reunion68.png\" alt=\"back-l\" width=\"30%\"><span style=\"color: #000080;\">Chag Chanukah Sameach<\/span><\/a><\/h5>\n<hr style=\"height: 15px; background: #d0e6fa; width: 710px;\">\n<p><img decoding=\"async\" class=\"center aligncenter\" src=\"http:\/\/www.reunion68.com\/Biuletyn\/img\/Hanukkah.jpg\" alt=\"\" width=\"100%\"><\/p>\n<div id=\"content\" class=\"content-alignment\">\n<div id=\"watch-description\" class=\"yt-uix-button-panel\">\n<div id=\"watch-description-text\" style=\"text-align: center;\">\n<p><em>Zawarto\u015b\u0107 publikowanych artyku\u0142\u00f3w i materia\u0142\u00f3w nie reprezentuje pogl\u0105d\u00f3w ani opinii Reunion&#8217;68,<\/em><em><br \/>\nani te\u017c webmastera Blogu Reunion&#8217;68, chyba ze jest to wyra\u017anie zaznaczone.<br \/>\nTwoje uwagi, linki, w\u0142asne artyku\u0142y lub wiadomo\u015bci prze\u015blij na adres:<br \/>\n<\/em><span style=\"color: #000080;\"><strong><em><a style=\"color: #000080;\" href=\"mailto:webmaster@reunion68.com\"><span style=\"text-decoration: underline;\">webmaster@reunion68.com<\/span><\/a><\/em><\/strong><\/span><\/p>\n<\/div>\n<\/div>\n<\/div>\n<hr style=\"width: 100%;\">\n","protected":false},"excerpt":{"rendered":"<p>Chag Chanukah Sameach Zawarto\u015b\u0107 publikowanych artyku\u0142\u00f3w i materia\u0142\u00f3w nie reprezentuje pogl\u0105d\u00f3w ani opinii Reunion&#8217;68, ani te\u017c webmastera Blogu Reunion&#8217;68, chyba ze jest to wyra\u017anie zaznaczone. Twoje uwagi, linki, w\u0142asne artyku\u0142y lub wiadomo\u015bci prze\u015blij na adres: webmaster@reunion68.com<\/p>\n","protected":false},"author":1,"featured_media":0,"parent":0,"menu_order":0,"comment_status":"closed","ping_status":"closed","template":"","meta":[],"_links":{"self":[{"href":"https:\/\/www.reunion68.com\/index.php?rest_route=\/wp\/v2\/pages\/2157"}],"collection":[{"href":"https:\/\/www.reunion68.com\/index.php?rest_route=\/wp\/v2\/pages"}],"about":[{"href":"https:\/\/www.reunion68.com\/index.php?rest_route=\/wp\/v2\/types\/page"}],"author":[{"embeddable":true,"href":"https:\/\/www.reunion68.com\/index.php?rest_route=\/wp\/v2\/users\/1"}],"replies":[{"embeddable":true,"href":"https:\/\/www.reunion68.com\/index.php?rest_route=%2Fwp%2Fv2%2Fcomments&post=2157"}],"version-history":[{"count":6,"href":"https:\/\/www.reunion68.com\/index.php?rest_route=\/wp\/v2\/pages\/2157\/revisions"}],"predecessor-version":[{"id":3013,"href":"https:\/\/www.reunion68.com\/index.php?rest_route=\/wp\/v2\/pages\/2157\/revisions\/3013"}],"wp:attachment":[{"href":"https:\/\/www.reunion68.com\/index.php?rest_route=%2Fwp%2Fv2%2Fmedia&parent=2157"}],"curies":[{"name":"wp","href":"https:\/\/api.w.org\/{rel}","templated":true}]}}