{"id":2,"date":"2014-04-17T19:54:43","date_gmt":"2014-04-17T17:54:43","guid":{"rendered":"http:\/\/www.reunion68.com\/?page_id=2"},"modified":"2019-03-20T10:24:08","modified_gmt":"2019-03-20T08:24:08","slug":"sample-page","status":"publish","type":"page","link":"https:\/\/www.reunion68.com\/","title":{"rendered":"Czym jest Reunion&#8217;68?"},"content":{"rendered":"<hr style=\"height: 15px; background: #d0e6fa; width: 710px;\">\n<div class=\"  content-alignment\" id=\"content\">\n<div class=\"yt-uix-button-panel\" id=\"watch-description\">\n<div id=\"watch-description-text\">\n<table bgcolor=\"#ffffff\">\n<tbody>\n<tr>\n<td><img decoding=\"async\" loading=\"lazy\" width=\"313\" height=\"107\" class=\"alignright\" alt=\"\" src=\"http:\/\/www.reunion68.com\/Biuletyn\/img\/reunion68.jpg\"><\/p>\n<address><span style=\"color: #000080;\"><span style=\"color: #000080;\"><span style=\"color: #000080;\"><strong><span style=\"color: #000080;\"><strong>Czym jest &#8220;Reunion &#8217;68&#8221;?<\/strong><\/span><\/strong><\/span><\/span><\/span><br \/>\n<span style=\"color: #000080;\"><span style=\"color: #000080;\">&#8211; Reunion&#8217;68 jest stowarzyszeniem, w ktorego sklad wchodza polscy zydowscy emigranci wraz z ich rodzinami.<br \/>\n&#8211; Reunion68 nie jest stowarzyszeniem o chrakterze politycznym, lub dochodowym, a tylko i wylacznie prywatnym i towarzyskim.<br \/>\n<\/span><\/span><br \/>\n<span style=\"color: #000080;\"><strong>Jerzy Slawomir Mac:<\/strong> <\/span><br \/>\n<span style=\"color: #000080;\">&#8211; &#8220;Reunion&#8221; oznacza ponowne polaczenie, ale i zjazd kolezenski w scislym gronie.<br \/>\n<\/span><strong><span style=\"color: #800080;\"><br \/>\n<span style=\"color: #000080;\">Leo Leszek Kantor :<\/span><\/span><\/strong><br \/>\n<span style=\"color: #000080;\">-&#8220;Ruchem jednoczacym polskich Zydow-emigrantow marcowych i bliskie im osoby. Ma okolo 5 tys. uczestnikow mieszkajacych w Europie, Izraelu, Ameryce a nawet w Hongkongu. Skupia 80 proc. pokolenia dzisiejszych piecdziesieciolatkow, wypedzonych z Polski 30 lat temu.&#8221;<\/span><\/address>\n<\/td>\n<\/tr>\n<\/tbody>\n<\/table>\n<\/div>\n<\/div>\n<\/div>\n<hr style=\"height: 15px; background: #d0e6fa; width: 710px;\">\n<div class=\"content-alignment\" id=\"content\">\n<div class=\"yt-uix-button-panel\" id=\"watch-description\">\n<div id=\"watch-description-text\" style=\"text-align: center;\">\n<p><em>Zawarto\u015b\u0107 publikowanych artyku\u0142\u00f3w i materia\u0142\u00f3w nie reprezentuje pogl\u0105d\u00f3w ani opinii Reunion&#8217;68,<\/em><em><br \/>\nani te\u017c webmastera Blogu Reunion&#8217;68, chyba ze jest to wyra\u017anie zaznaczone.<br \/>\nTwoje uwagi, linki, w\u0142asne artyku\u0142y lub wiadomo\u015bci prze\u015blij na adres:<br \/>\n<\/em><span style=\"color: #000080;\"><strong><em><a style=\"color: #000080;\" href=\"mailto:webmaster@reunion68.com\"><span style=\"text-decoration: underline;\">webmaster@reunion68.com<\/span><\/a><\/em><\/strong><\/span><\/p>\n<\/div>\n<\/div>\n<\/div>\n<hr style=\"width: 710px;\">\n","protected":false},"excerpt":{"rendered":"<p>Czym jest &#8220;Reunion &#8217;68&#8221;? &#8211; Reunion&#8217;68 jest stowarzyszeniem, w ktorego sklad wchodza polscy zydowscy emigranci wraz z ich rodzinami. &#8211; Reunion68 nie jest stowarzyszeniem o chrakterze politycznym, lub dochodowym, a tylko i wylacznie prywatnym i towarzyskim. Jerzy Slawomir Mac: &#8211; &#8220;Reunion&#8221; oznacza ponowne polaczenie, ale i zjazd kolezenski w scislym gronie. Leo Leszek Kantor : [&hellip;]<\/p>\n","protected":false},"author":1,"featured_media":0,"parent":0,"menu_order":0,"comment_status":"closed","ping_status":"closed","template":"","meta":[],"_links":{"self":[{"href":"https:\/\/www.reunion68.com\/index.php?rest_route=\/wp\/v2\/pages\/2"}],"collection":[{"href":"https:\/\/www.reunion68.com\/index.php?rest_route=\/wp\/v2\/pages"}],"about":[{"href":"https:\/\/www.reunion68.com\/index.php?rest_route=\/wp\/v2\/types\/page"}],"author":[{"embeddable":true,"href":"https:\/\/www.reunion68.com\/index.php?rest_route=\/wp\/v2\/users\/1"}],"replies":[{"embeddable":true,"href":"https:\/\/www.reunion68.com\/index.php?rest_route=%2Fwp%2Fv2%2Fcomments&post=2"}],"version-history":[{"count":184,"href":"https:\/\/www.reunion68.com\/index.php?rest_route=\/wp\/v2\/pages\/2\/revisions"}],"predecessor-version":[{"id":2927,"href":"https:\/\/www.reunion68.com\/index.php?rest_route=\/wp\/v2\/pages\/2\/revisions\/2927"}],"wp:attachment":[{"href":"https:\/\/www.reunion68.com\/index.php?rest_route=%2Fwp%2Fv2%2Fmedia&parent=2"}],"curies":[{"name":"wp","href":"https:\/\/api.w.org\/{rel}","templated":true}]}}